{"id":10826,"date":"2015-12-01T15:12:56","date_gmt":"2015-12-01T15:12:56","guid":{"rendered":"https:\/\/centrolarotonda.ch\/?page_id=10826"},"modified":"2026-04-20T12:23:30","modified_gmt":"2026-04-20T12:23:30","slug":"fashionbrand-2-5-2","status":"publish","type":"page","link":"https:\/\/centrolarotonda.ch\/?page_id=10826","title":{"rendered":"Up Store"},"content":{"rendered":"<style type=\"text\/css\"> \n#cmsmasters_row_69fb26f7e27b82_75803988 .cmsmasters_row_outer_parent { \n\tpadding-top: 50px; \n} \n\n#cmsmasters_row_69fb26f7e27b82_75803988 .cmsmasters_row_outer_parent { \n\tpadding-bottom: 55px; \n} \n\n \n#cmsmasters_heading_69fb26f7e2e1f1_42611937 { \n\ttext-align:left; \n\tmargin-top:30px; \n\tmargin-bottom:10px; \n} \n\n#cmsmasters_heading_69fb26f7e2e1f1_42611937 .cmsmasters_heading { \n\ttext-align:left; \n} \n\n#cmsmasters_heading_69fb26f7e2e1f1_42611937 .cmsmasters_heading, #cmsmasters_heading_69fb26f7e2e1f1_42611937 .cmsmasters_heading a { \n\tfont-weight:700; \n\tfont-style:normal; \n} \n\n#cmsmasters_heading_69fb26f7e2e1f1_42611937 .cmsmasters_heading_divider { \n} \n\n \n#cmsmasters_heading_69fb26f7e2f110_90949413 { \n\ttext-align:left; \n\tmargin-top:0px; \n\tmargin-bottom:10px; \n} \n\n#cmsmasters_heading_69fb26f7e2f110_90949413 .cmsmasters_heading { \n\ttext-align:left; \n} \n\n#cmsmasters_heading_69fb26f7e2f110_90949413 .cmsmasters_heading, #cmsmasters_heading_69fb26f7e2f110_90949413 .cmsmasters_heading a { \n\tfont-weight:700; \n\tfont-style:normal; \n} \n\n#cmsmasters_heading_69fb26f7e2f110_90949413 .cmsmasters_heading_divider { \n} \n\n \n#cmsmasters_heading_69fb26f7e2fa23_95589163 { \n\ttext-align:left; \n\tmargin-top:0px; \n\tmargin-bottom:30px; \n} \n\n#cmsmasters_heading_69fb26f7e2fa23_95589163 .cmsmasters_heading { \n\ttext-align:left; \n} \n\n#cmsmasters_heading_69fb26f7e2fa23_95589163 .cmsmasters_heading, #cmsmasters_heading_69fb26f7e2fa23_95589163 .cmsmasters_heading a { \n\tfont-weight:700; \n\tfont-style:normal; \n} \n\n#cmsmasters_heading_69fb26f7e2fa23_95589163 .cmsmasters_heading_divider { \n} \n\n \n#cmsmasters_heading_69fb26f7e30500_35548968 { \n\ttext-align:left; \n\tmargin-top:0px; \n\tmargin-bottom:10px; \n} \n\n#cmsmasters_heading_69fb26f7e30500_35548968 .cmsmasters_heading { \n\ttext-align:left; \n} \n\n#cmsmasters_heading_69fb26f7e30500_35548968 .cmsmasters_heading, #cmsmasters_heading_69fb26f7e30500_35548968 .cmsmasters_heading a { \n\tfont-weight:700; \n\tfont-style:normal; \n} \n\n#cmsmasters_heading_69fb26f7e30500_35548968 .cmsmasters_heading_divider { \n} \n\n \n#cmsmasters_heading_69fb26f7e30e06_59269206 { \n\ttext-align:left; \n\tmargin-top:0px; \n\tmargin-bottom:50px; \n} \n\n#cmsmasters_heading_69fb26f7e30e06_59269206 .cmsmasters_heading { \n\ttext-align:left; \n} \n\n#cmsmasters_heading_69fb26f7e30e06_59269206 .cmsmasters_heading, #cmsmasters_heading_69fb26f7e30e06_59269206 .cmsmasters_heading a { \n\tfont-weight:700; \n\tfont-style:normal; \n} \n\n#cmsmasters_heading_69fb26f7e30e06_59269206 .cmsmasters_heading_divider { \n} \n\n \n#cmsmasters_divider_69fb26f7e32d24_89745978 { \n\tborder-bottom-width:1px; \n\tborder-bottom-style:solid; \n\tpadding-top:0px; \n\tmargin-bottom:30px; \n} \n\r\n\t\t\t\t#cmsmasters_gallery_69fb26f7e33dd5_88049313 .cmsmasters_gallery {\r\n\t\t\t\t\tmargin:0 0 0 -15px;\r\n\t\t\t\t}\r\n\t\t\t\t\r\n\t\t\t\t#cmsmasters_gallery_69fb26f7e33dd5_88049313 .cmsmasters_gallery .cmsmasters_gallery_item {\r\n\t\t\t\t\tpadding:0 0 15px 15px;\r\n\t\t\t\t}\r\n\t\t\t<\/style><div id=\"cmsmasters_row_69fb26f7e27b82_75803988\" class=\"cmsmasters_row cmsmasters_color_scheme_default cmsmasters_row_top_default cmsmasters_row_bot_default cmsmasters_row_boxed\">\n<div class=\"cmsmasters_row_outer_parent\">\n<div class=\"cmsmasters_row_outer\">\n<div class=\"cmsmasters_row_inner\">\n<div class=\"cmsmasters_row_margin\">\n<div class=\"cmsmasters_column one_fourth\">\n<div class=\"cmsmasters_img  cmsmasters_image_n\">\n<img decoding=\"async\" src=\"https:\/\/centrolarotonda.ch\/wp-content\/uploads\/2025\/04\/outlet-17.png\" \/>\n<\/div>\n<div class=\"cmsmasters_text\">\n<p>&nbsp;<\/p>\n<\/div>\n\n<div id=\"cmsmasters_heading_69fb26f7e2e1f1_42611937\" class=\"cmsmasters_heading_wrap cmsmasters_heading_align_left\">\n\t<h3 class=\"cmsmasters_heading\">Orari di apertura:<\/h3>\n<\/div><div class=\"cmsmasters_text\">\n<div class=\"cmsmasters_text\">\n<p>Lu-Ve 09:00 \u2013 18:30, Gio 09:00-20:00, Sab 09:00-18:00<\/p>\n<\/div>\n<\/div>\n<div class=\"cmsmasters_text\">\n<p>&nbsp;<\/p>\n<\/div>\n\n<div id=\"cmsmasters_heading_69fb26f7e2f110_90949413\" class=\"cmsmasters_heading_wrap cmsmasters_heading_align_left\">\n\t<h3 class=\"cmsmasters_heading\">Informazioni contatti:<\/h3>\n<\/div>\n<div id=\"cmsmasters_heading_69fb26f7e2fa23_95589163\" class=\"cmsmasters_heading_wrap cmsmasters_heading_align_left\">\n\t<h1 class=\"cmsmasters_heading\">091 226 38 88<\/h1>\n<\/div><div class=\"cmsmasters_text\">\n<p>&nbsp;<\/p>\n<\/div>\n\n<div id=\"cmsmasters_heading_69fb26f7e30500_35548968\" class=\"cmsmasters_heading_wrap cmsmasters_heading_align_left\">\n\t<h3 class=\"cmsmasters_heading\">Website:<\/h3>\n<\/div>\n<div id=\"cmsmasters_heading_69fb26f7e30e06_59269206\" class=\"cmsmasters_heading_wrap cmsmasters_heading_align_left\">\n\t<h5 class=\"cmsmasters_heading\"><a href=\"https:\/\/www.upstore.ch\/\">https:\/\/www.upstore.ch\/<\/a><\/h5>\n<\/div><div class=\"cmsmasters_text\">\n<p>&nbsp;<\/p>\n<\/div>\n<\/div>\n<div class=\"cmsmasters_column three_fourth\">\n\n<div id=\"cmsmasters_divider_69fb26f7e32d24_89745978\" class=\"cmsmasters_divider cmsmasters_divider_width_long cmsmasters_divider_pos_center\"><\/div>\n<div class=\"cmsmasters_text\">\n<p><strong>CHI SIAMO<\/strong><\/p>\n<div class=\"PQbOE\">\n<div class=\"u9sbk gYaoId\" role=\"heading\" aria-level=\"3\">\n<p data-start=\"92\" data-end=\"127\"><strong data-start=\"92\" data-end=\"127\">Da UP Store \u2013 Computer &amp; Gaming<\/strong><\/p>\n<p data-start=\"129\" data-end=\"388\">UP Store nasce dall\u2019iniziativa di un gruppo di amici e colleghi con oltre vent\u2019anni di esperienza nel settore informatico. L\u2019idea prende forma nel 2022 con l\u2019obiettivo di diventare un punto di riferimento in Ticino nel mondo dell\u2019<strong data-start=\"359\" data-end=\"387\">informatica e del gaming<\/strong>.<\/p>\n<p data-start=\"390\" data-end=\"646\">Giovane, dinamica e sempre al passo con le ultime tecnologie, l\u2019azienda \u00e8 attiva nella <strong data-start=\"477\" data-end=\"500\">vendita di hardware<\/strong>, <strong data-start=\"502\" data-end=\"532\">assemblaggi personalizzati<\/strong>, <strong data-start=\"534\" data-end=\"551\">merchandising<\/strong> e <strong data-start=\"554\" data-end=\"571\">collezionismo<\/strong>. Il primo punto vendita \u00e8 stato inaugurato a <strong data-start=\"617\" data-end=\"645\">gennaio 2023 a Giubiasco<\/strong>.<\/p>\n<p data-start=\"648\" data-end=\"967\">Il team \u00e8 composto da veri appassionati ed esperti del settore, pronti ad accompagnare ogni cliente nella scelta dei prodotti pi\u00f9 adatti alle proprie esigenze. UP Store si distingue per la disponibilit\u00e0, la consulenza su misura e l\u2019attenzione al cliente, elementi che rappresentano i pilastri della filosofia aziendale.<\/p>\n<p data-start=\"969\" data-end=\"1059\" data-is-last-node=\"\" data-is-only-node=\"\">Garantire <strong data-start=\"979\" data-end=\"1012\">valore, competenza e supporto<\/strong> in ogni acquisto \u00e8 da sempre la loro priorit\u00e0.<\/p>\n<\/div>\n<\/div>\n<p><strong>Orari di Apertura: Lu-Ve 09:00 \u2013 18:30, Gio 09:00-20:00, Sab 09:00-18:00<\/strong><\/p>\n<\/div>\n<div id=\"cmsmasters_gallery_69fb26f7e33dd5_88049313\" class=\"cmsmasters_gallery_wrap\"><ul class=\"cmsmasters_gallery cmsmasters_3 cmsmasters_more_items_loader\"><li class=\"cmsmasters_gallery_item\"><figure><a href=\"https:\/\/centrolarotonda.ch\/wp-content\/uploads\/2026\/04\/Gemini_Generated_Image_y94ufiy94ufiy94u.png\" rel=\"ilightbox[69fb26f7e33dd5_88049313]\"><img loading=\"lazy\" decoding=\"async\" width=\"580\" height=\"375\" src=\"https:\/\/centrolarotonda.ch\/wp-content\/uploads\/2026\/04\/Gemini_Generated_Image_y94ufiy94ufiy94u-580x375.png\" class=\"attachment-blog-masonry-thumb size-blog-masonry-thumb\" alt=\"\" srcset=\"https:\/\/centrolarotonda.ch\/wp-content\/uploads\/2026\/04\/Gemini_Generated_Image_y94ufiy94ufiy94u-580x375.png 580w, https:\/\/centrolarotonda.ch\/wp-content\/uploads\/2026\/04\/Gemini_Generated_Image_y94ufiy94ufiy94u-1160x750.png 1160w\" sizes=\"auto, (max-width: 580px) 100vw, 580px\" \/><\/a><\/figure><\/li><li class=\"cmsmasters_gallery_item\"><figure><a href=\"https:\/\/centrolarotonda.ch\/wp-content\/uploads\/2026\/04\/Gemini_Generated_Image_r45wthr45wthr45w.png\" rel=\"ilightbox[69fb26f7e33dd5_88049313]\"><img loading=\"lazy\" decoding=\"async\" width=\"580\" height=\"375\" src=\"https:\/\/centrolarotonda.ch\/wp-content\/uploads\/2026\/04\/Gemini_Generated_Image_r45wthr45wthr45w-580x375.png\" class=\"attachment-blog-masonry-thumb size-blog-masonry-thumb\" alt=\"\" srcset=\"https:\/\/centrolarotonda.ch\/wp-content\/uploads\/2026\/04\/Gemini_Generated_Image_r45wthr45wthr45w-580x375.png 580w, https:\/\/centrolarotonda.ch\/wp-content\/uploads\/2026\/04\/Gemini_Generated_Image_r45wthr45wthr45w-1160x750.png 1160w\" sizes=\"auto, (max-width: 580px) 100vw, 580px\" \/><\/a><\/figure><\/li><li class=\"cmsmasters_gallery_item\"><figure><a href=\"https:\/\/centrolarotonda.ch\/wp-content\/uploads\/2026\/04\/Gemini_Generated_Image_kvq52ckvq52ckvq5.png\" rel=\"ilightbox[69fb26f7e33dd5_88049313]\"><img loading=\"lazy\" decoding=\"async\" width=\"580\" height=\"375\" src=\"https:\/\/centrolarotonda.ch\/wp-content\/uploads\/2026\/04\/Gemini_Generated_Image_kvq52ckvq52ckvq5-580x375.png\" class=\"attachment-blog-masonry-thumb size-blog-masonry-thumb\" alt=\"\" srcset=\"https:\/\/centrolarotonda.ch\/wp-content\/uploads\/2026\/04\/Gemini_Generated_Image_kvq52ckvq52ckvq5-580x375.png 580w, https:\/\/centrolarotonda.ch\/wp-content\/uploads\/2026\/04\/Gemini_Generated_Image_kvq52ckvq52ckvq5-1160x750.png 1160w\" sizes=\"auto, (max-width: 580px) 100vw, 580px\" \/><\/a><\/figure><\/li><li class=\"cmsmasters_gallery_item\"><figure><a href=\"https:\/\/centrolarotonda.ch\/wp-content\/uploads\/2026\/04\/Gemini_Generated_Image_l5jabvl5jabvl5ja.png\" rel=\"ilightbox[69fb26f7e33dd5_88049313]\"><img loading=\"lazy\" decoding=\"async\" width=\"580\" height=\"375\" src=\"https:\/\/centrolarotonda.ch\/wp-content\/uploads\/2026\/04\/Gemini_Generated_Image_l5jabvl5jabvl5ja-580x375.png\" class=\"attachment-blog-masonry-thumb size-blog-masonry-thumb\" alt=\"\" srcset=\"https:\/\/centrolarotonda.ch\/wp-content\/uploads\/2026\/04\/Gemini_Generated_Image_l5jabvl5jabvl5ja-580x375.png 580w, https:\/\/centrolarotonda.ch\/wp-content\/uploads\/2026\/04\/Gemini_Generated_Image_l5jabvl5jabvl5ja-1160x750.png 1160w\" sizes=\"auto, (max-width: 580px) 100vw, 580px\" \/><\/a><\/figure><\/li><\/ul><script type=\"text\/javascript\">\r\n\t\t\t\tjQuery(document).ready(function () {\r\n\t\t\t\t\t(function ($) {\r\n\t\t\t\t\t\tif ($('#cmsmasters_gallery_69fb26f7e33dd5_88049313').find('.cmsmasters_gallery_item').length == '0') {\r\n\t\t\t\t\t\t\treturn false;\r\n\t\t\t\t\t\t}\r\n\t\t\t\t\t\t\r\n\t\t\t\t\t\t\r\n\t\t\t\t\t\tstartGallery( \r\n\t\t\t\t\t\t\t'69fb26f7e33dd5_88049313', \r\n\t\t\t\t\t\t\t'grid', \r\n\t\t\t\t\t\t\t'false', \r\n\t\t\t\t\t\t\t'false'\r\n\t\t\t\t\t\t);\r\n\t\t\t\t\t} )(jQuery);\r\n\t\t\t\t} );\r\n\t\t\t<\/script>\r\n\t\t\t<\/div>\n<\/div>\n<\/div>\n<\/div>\n<\/div>\n<\/div>\n<\/div>\n\n","protected":false},"excerpt":{"rendered":"","protected":false},"author":1,"featured_media":0,"parent":0,"menu_order":0,"comment_status":"closed","ping_status":"closed","template":"","meta":{"footnotes":""},"class_list":["post-10826","page","type-page","status-publish","hentry"],"_links":{"self":[{"href":"https:\/\/centrolarotonda.ch\/index.php?rest_route=\/wp\/v2\/pages\/10826","targetHints":{"allow":["GET"]}}],"collection":[{"href":"https:\/\/centrolarotonda.ch\/index.php?rest_route=\/wp\/v2\/pages"}],"about":[{"href":"https:\/\/centrolarotonda.ch\/index.php?rest_route=\/wp\/v2\/types\/page"}],"author":[{"embeddable":true,"href":"https:\/\/centrolarotonda.ch\/index.php?rest_route=\/wp\/v2\/users\/1"}],"replies":[{"embeddable":true,"href":"https:\/\/centrolarotonda.ch\/index.php?rest_route=%2Fwp%2Fv2%2Fcomments&post=10826"}],"version-history":[{"count":3,"href":"https:\/\/centrolarotonda.ch\/index.php?rest_route=\/wp\/v2\/pages\/10826\/revisions"}],"predecessor-version":[{"id":11942,"href":"https:\/\/centrolarotonda.ch\/index.php?rest_route=\/wp\/v2\/pages\/10826\/revisions\/11942"}],"wp:attachment":[{"href":"https:\/\/centrolarotonda.ch\/index.php?rest_route=%2Fwp%2Fv2%2Fmedia&parent=10826"}],"curies":[{"name":"wp","href":"https:\/\/api.w.org\/{rel}","templated":true}]}}