{"id":11900,"date":"2015-12-01T15:12:56","date_gmt":"2015-12-01T15:12:56","guid":{"rendered":"https:\/\/centrolarotonda.ch\/?page_id=11900"},"modified":"2026-04-03T17:27:15","modified_gmt":"2026-04-03T17:27:15","slug":"fashionbrand-3-2","status":"publish","type":"page","link":"https:\/\/centrolarotonda.ch\/?page_id=11900","title":{"rendered":"Dal Buon Gustaio"},"content":{"rendered":"<style type=\"text\/css\"> \n#cmsmasters_row_69d03080cd1c90_20751329 .cmsmasters_row_outer_parent { \n\tpadding-top: 50px; \n} \n\n#cmsmasters_row_69d03080cd1c90_20751329 .cmsmasters_row_outer_parent { \n\tpadding-bottom: 55px; \n} \n\n \n#cmsmasters_heading_69d03080cd3ca2_70133253 { \n\ttext-align:left; \n\tmargin-top:30px; \n\tmargin-bottom:10px; \n} \n\n#cmsmasters_heading_69d03080cd3ca2_70133253 .cmsmasters_heading { \n\ttext-align:left; \n} \n\n#cmsmasters_heading_69d03080cd3ca2_70133253 .cmsmasters_heading, #cmsmasters_heading_69d03080cd3ca2_70133253 .cmsmasters_heading a { \n\tfont-weight:700; \n\tfont-style:normal; \n} \n\n#cmsmasters_heading_69d03080cd3ca2_70133253 .cmsmasters_heading_divider { \n} \n\n \n#cmsmasters_heading_69d03080cd4744_54432911 { \n\ttext-align:left; \n\tmargin-top:0px; \n\tmargin-bottom:30px; \n} \n\n#cmsmasters_heading_69d03080cd4744_54432911 .cmsmasters_heading { \n\ttext-align:left; \n} \n\n#cmsmasters_heading_69d03080cd4744_54432911 .cmsmasters_heading, #cmsmasters_heading_69d03080cd4744_54432911 .cmsmasters_heading a { \n\tfont-weight:700; \n\tfont-style:normal; \n} \n\n#cmsmasters_heading_69d03080cd4744_54432911 .cmsmasters_heading_divider { \n} \n\n \n#cmsmasters_divider_69d03080cd80b3_41291434 { \n\tborder-bottom-width:1px; \n\tborder-bottom-style:solid; \n\tpadding-top:0px; \n\tmargin-bottom:30px; \n} \n\r\n\t\t\t\t#cmsmasters_gallery_69d03080cd91f5_69748169 .cmsmasters_gallery {\r\n\t\t\t\t\tmargin:0 0 0 -15px;\r\n\t\t\t\t}\r\n\t\t\t\t\r\n\t\t\t\t#cmsmasters_gallery_69d03080cd91f5_69748169 .cmsmasters_gallery .cmsmasters_gallery_item {\r\n\t\t\t\t\tpadding:0 0 15px 15px;\r\n\t\t\t\t}\r\n\t\t\t<\/style><div id=\"cmsmasters_row_69d03080cd1c90_20751329\" class=\"cmsmasters_row cmsmasters_color_scheme_default cmsmasters_row_top_default cmsmasters_row_bot_default cmsmasters_row_boxed\">\n<div class=\"cmsmasters_row_outer_parent\">\n<div class=\"cmsmasters_row_outer\">\n<div class=\"cmsmasters_row_inner\">\n<div class=\"cmsmasters_row_margin\">\n<div class=\"cmsmasters_column one_fourth\">\n\n<div id=\"cmsmasters_heading_69d03080cd3ca2_70133253\" class=\"cmsmasters_heading_wrap cmsmasters_heading_align_left\">\n\t<h3 class=\"cmsmasters_heading\">Orari di apertura Bar:<\/h3>\n<\/div>\n<div id=\"cmsmasters_heading_69d03080cd4744_54432911\" class=\"cmsmasters_heading_wrap cmsmasters_heading_align_left\">\n\t<h5 class=\"cmsmasters_heading\">Lu-Sab dalle 11:30<\/h5>\n<\/div><div class=\"cmsmasters_text\">\n<p>&nbsp;<\/p>\n<\/div>\n<div class=\"cmsmasters_text\">\n<p>&nbsp;<\/p>\n<\/div>\n<div class=\"cmsmasters_text\">\n<p><\/p>\n<\/div>\n<div class=\"cmsmasters_text\">\n<p>&nbsp;<\/p>\n<\/div>\n<\/div>\n<div class=\"cmsmasters_column three_fourth\">\n\n<div id=\"cmsmasters_divider_69d03080cd80b3_41291434\" class=\"cmsmasters_divider cmsmasters_divider_width_long cmsmasters_divider_pos_center\"><\/div>\n<div class=\"cmsmasters_text\">\n<p><strong>CHI SIAMO<\/strong><\/p>\n<section class=\"text-token-text-primary w-full focus:outline-none &#091;--shadow-height:45px&#093; has-data-writing-block:pointer-events-none has-data-writing-block:-mt-(--shadow-height) has-data-writing-block:pt-(--shadow-height) &#091;&amp;:has(&#091;data-writing-block&#093;)&gt;*&#093;:pointer-events-auto scroll-mt-(--header-height)\" dir=\"auto\" data-turn-id=\"066c42f4-b9ce-412d-bda8-2b06643c5ac3\" data-testid=\"conversation-turn-31\" data-scroll-anchor=\"false\" data-turn=\"user\"><\/section>\n<section class=\"text-token-text-primary w-full focus:outline-none &#091;--shadow-height:45px&#093; has-data-writing-block:pointer-events-none has-data-writing-block:-mt-(--shadow-height) has-data-writing-block:pt-(--shadow-height) &#091;&amp;:has(&#091;data-writing-block&#093;)&gt;*&#093;:pointer-events-auto scroll-mt-&#091;calc(var(--header-height)+min(200px,max(70px,20svh)))&#093;\" dir=\"auto\" data-turn-id=\"request-WEB:53890b46-ff29-4baf-8a70-d30bd9de988f-75\" data-testid=\"conversation-turn-32\" data-scroll-anchor=\"true\" data-turn=\"assistant\">\n<div class=\"text-base my-auto mx-auto pb-10 &#091;--thread-content-margin:var(--thread-content-margin-xs,calc(var(--spacing)*4))&#093; @w-sm\/main:&#091;--thread-content-margin:var(--thread-content-margin-sm,calc(var(--spacing)*6))&#093; @w-lg\/main:&#091;--thread-content-margin:var(--thread-content-margin-lg,calc(var(--spacing)*16))&#093; px-(--thread-content-margin)\">\n<div class=\"&#091;--thread-content-max-width:40rem&#093; @w-lg\/main:&#091;--thread-content-max-width:48rem&#093; mx-auto max-w-(--thread-content-max-width) flex-1 group\/turn-messages focus-visible:outline-hidden relative flex w-full min-w-0 flex-col agent-turn\">\n<div class=\"flex max-w-full flex-col gap-4 grow\">\n<div class=\"min-h-8 text-message relative flex w-full flex-col items-end gap-2 text-start break-words whitespace-normal outline-none keyboard-focused:focus-ring &#091;.text-message+&amp;&#093;:mt-1\" dir=\"auto\" tabindex=\"0\" data-message-author-role=\"assistant\" data-message-id=\"9f3260b5-cb7c-462b-a380-b991f830bfd0\" data-message-model-slug=\"gpt-5-3\" data-turn-start-message=\"true\">\n<div class=\"flex w-full flex-col gap-1 empty:hidden\">\n<div class=\"markdown prose dark:prose-invert w-full wrap-break-word dark markdown-new-styling\">\n<p data-start=\"0\" data-end=\"109\"><strong data-start=\"0\" data-end=\"50\">DAL BUON GUSTAIO: il gusto sale di livello\u00a0<\/strong><br data-start=\"50\" data-end=\"53\" \/>Ristorante, bar, pizzeria e take away al secondo piano<\/p>\n<p data-start=\"111\" data-end=\"299\">Al secondo piano del centro commerciale ti aspetta <strong data-start=\"162\" data-end=\"182\">Dal Buon Gustaio<\/strong>, facilmente raggiungibile anche con il carrello della spesa\u2014perch\u00e9 qui la comodit\u00e0 \u00e8 di casa, proprio come il gusto.<\/p>\n<p data-start=\"269\" data-end=\"468\">Dalle pause pranzo alle merende pi\u00f9 sfiziose, ogni momento diventa un\u2019occasione per concedersi qualcosa di buono. Il men\u00f9 cambia ogni giorno, ma una cosa resta sempre uguale: il sapore che conquista.<\/p>\n<p data-start=\"470\" data-end=\"607\">Pinsa fragrante, focacce ricche, panini irresistibili e tante proposte perfette per ricaricarti con gusto, senza rinunciare alla qualit\u00e0.<\/p>\n<p data-start=\"609\" data-end=\"666\"><strong data-start=\"609\" data-end=\"629\">Dal Buon Gustaio<\/strong>: la pausa giusta, al piano giusto<\/p>\n<\/div>\n<\/div>\n<\/div>\n<\/div>\n<\/div>\n<\/div>\n<\/section>\n<\/div>\n<div id=\"cmsmasters_gallery_69d03080cd91f5_69748169\" class=\"cmsmasters_gallery_wrap\"><ul class=\"cmsmasters_gallery cmsmasters_3 cmsmasters_more_items_loader\"><li class=\"cmsmasters_gallery_item\"><figure><a href=\"https:\/\/centrolarotonda.ch\/wp-content\/uploads\/2026\/03\/NUOVA-APERTURA-RISTORANTE-VERSIONE-NEL-CENTRO-1_page-0001.jpg\" rel=\"ilightbox[69d03080cd91f5_69748169]\"><img loading=\"lazy\" decoding=\"async\" width=\"580\" height=\"375\" src=\"https:\/\/centrolarotonda.ch\/wp-content\/uploads\/2026\/03\/NUOVA-APERTURA-RISTORANTE-VERSIONE-NEL-CENTRO-1_page-0001-580x375.jpg\" class=\"attachment-blog-masonry-thumb size-blog-masonry-thumb\" alt=\"\" \/><\/a><\/figure><\/li><li class=\"cmsmasters_gallery_item\"><figure><a href=\"https:\/\/centrolarotonda.ch\/wp-content\/uploads\/2026\/03\/NUOVA-APERTURA-RISTORANTE-VERSIONE-NEL-CENTRO-1_page-0002.jpg\" rel=\"ilightbox[69d03080cd91f5_69748169]\"><img loading=\"lazy\" decoding=\"async\" width=\"580\" height=\"375\" src=\"https:\/\/centrolarotonda.ch\/wp-content\/uploads\/2026\/03\/NUOVA-APERTURA-RISTORANTE-VERSIONE-NEL-CENTRO-1_page-0002-580x375.jpg\" class=\"attachment-blog-masonry-thumb size-blog-masonry-thumb\" alt=\"\" \/><\/a><\/figure><\/li><\/ul><script type=\"text\/javascript\">\r\n\t\t\t\tjQuery(document).ready(function () {\r\n\t\t\t\t\t(function ($) {\r\n\t\t\t\t\t\tif ($('#cmsmasters_gallery_69d03080cd91f5_69748169').find('.cmsmasters_gallery_item').length == '0') {\r\n\t\t\t\t\t\t\treturn false;\r\n\t\t\t\t\t\t}\r\n\t\t\t\t\t\t\r\n\t\t\t\t\t\t\r\n\t\t\t\t\t\tstartGallery( \r\n\t\t\t\t\t\t\t'69d03080cd91f5_69748169', \r\n\t\t\t\t\t\t\t'grid', \r\n\t\t\t\t\t\t\t'false', \r\n\t\t\t\t\t\t\t'false'\r\n\t\t\t\t\t\t);\r\n\t\t\t\t\t} )(jQuery);\r\n\t\t\t\t} );\r\n\t\t\t<\/script>\r\n\t\t\t<\/div>\n<\/div>\n<\/div>\n<\/div>\n<\/div>\n<\/div>\n<\/div>\n\n","protected":false},"excerpt":{"rendered":"","protected":false},"author":1,"featured_media":0,"parent":0,"menu_order":0,"comment_status":"closed","ping_status":"closed","template":"","meta":{"footnotes":""},"class_list":["post-11900","page","type-page","status-publish","hentry"],"_links":{"self":[{"href":"https:\/\/centrolarotonda.ch\/index.php?rest_route=\/wp\/v2\/pages\/11900","targetHints":{"allow":["GET"]}}],"collection":[{"href":"https:\/\/centrolarotonda.ch\/index.php?rest_route=\/wp\/v2\/pages"}],"about":[{"href":"https:\/\/centrolarotonda.ch\/index.php?rest_route=\/wp\/v2\/types\/page"}],"author":[{"embeddable":true,"href":"https:\/\/centrolarotonda.ch\/index.php?rest_route=\/wp\/v2\/users\/1"}],"replies":[{"embeddable":true,"href":"https:\/\/centrolarotonda.ch\/index.php?rest_route=%2Fwp%2Fv2%2Fcomments&post=11900"}],"version-history":[{"count":2,"href":"https:\/\/centrolarotonda.ch\/index.php?rest_route=\/wp\/v2\/pages\/11900\/revisions"}],"predecessor-version":[{"id":11903,"href":"https:\/\/centrolarotonda.ch\/index.php?rest_route=\/wp\/v2\/pages\/11900\/revisions\/11903"}],"wp:attachment":[{"href":"https:\/\/centrolarotonda.ch\/index.php?rest_route=%2Fwp%2Fv2%2Fmedia&parent=11900"}],"curies":[{"name":"wp","href":"https:\/\/api.w.org\/{rel}","templated":true}]}}